{"id":4039,"date":"2022-08-31T10:51:08","date_gmt":"2022-08-31T08:51:08","guid":{"rendered":"https:\/\/fivepizzaoriginal.com\/?page_id=4039"},"modified":"2025-02-21T02:54:37","modified_gmt":"2025-02-21T01:54:37","slug":"big-order","status":"publish","type":"page","link":"https:\/\/fivepizzaoriginal.com\/fr_fr\/big-order\/","title":{"rendered":"Big Order"},"content":{"rendered":"\t\t<div data-elementor-type=\"wp-page\" data-elementor-id=\"4039\" class=\"elementor elementor-4039\" data-elementor-post-type=\"page\">\n\t\t\t\t\t\t<section class=\"elementor-section elementor-top-section elementor-element elementor-element-0246ff5 elementor-section-height-min-height elementor-section-boxed elementor-section-height-default elementor-section-items-middle\" data-id=\"0246ff5\" data-element_type=\"section\" data-settings=\"{&quot;background_background&quot;:&quot;classic&quot;}\">\n\t\t\t\t\t\t<div class=\"elementor-container elementor-column-gap-default\">\n\t\t\t\t\t<div class=\"elementor-column elementor-col-100 elementor-top-column elementor-element elementor-element-ef26d59\" data-id=\"ef26d59\" data-element_type=\"column\">\n\t\t\t<div class=\"elementor-widget-wrap elementor-element-populated\">\n\t\t\t\t\t\t<div class=\"elementor-element elementor-element-a135809 elementor-widget elementor-widget-heading\" data-id=\"a135809\" data-element_type=\"widget\" data-widget_type=\"heading.default\">\n\t\t\t\t<div class=\"elementor-widget-container\">\n\t\t\t\t\t<h1 class=\"elementor-heading-title elementor-size-default\">Big order<\/h1>\t\t\t\t<\/div>\n\t\t\t\t<\/div>\n\t\t\t\t\t<\/div>\n\t\t<\/div>\n\t\t\t\t\t<\/div>\n\t\t<\/section>\n\t\t\t\t<section class=\"elementor-section elementor-top-section elementor-element elementor-element-187916f3 elementor-section-boxed elementor-section-height-default elementor-section-height-default\" data-id=\"187916f3\" data-element_type=\"section\" data-settings=\"{&quot;background_background&quot;:&quot;classic&quot;}\">\n\t\t\t\t\t\t<div class=\"elementor-container elementor-column-gap-default\">\n\t\t\t\t\t<div class=\"elementor-column elementor-col-33 elementor-top-column elementor-element elementor-element-2615a9fc\" data-id=\"2615a9fc\" data-element_type=\"column\">\n\t\t\t<div class=\"elementor-widget-wrap elementor-element-populated\">\n\t\t\t\t\t\t<div class=\"elementor-element elementor-element-789823ff elementor-widget elementor-widget-heading\" data-id=\"789823ff\" data-element_type=\"widget\" data-settings=\"{&quot;_animation&quot;:&quot;none&quot;}\" data-widget_type=\"heading.default\">\n\t\t\t\t<div class=\"elementor-widget-container\">\n\t\t\t\t\t<h2 class=\"elementor-heading-title elementor-size-default\">Commande grande quantit\u00e9<\/h2>\t\t\t\t<\/div>\n\t\t\t\t<\/div>\n\t\t\t\t<div class=\"elementor-element elementor-element-47df1792 elementor-widget elementor-widget-text-editor\" data-id=\"47df1792\" data-element_type=\"widget\" data-widget_type=\"text-editor.default\">\n\t\t\t\t<div class=\"elementor-widget-container\">\n\t\t\t\t\t\t\t\t\t<p>Vous \u00eates une entreprise, une association, une collectivit\u00e9, vous souhaitez organiser un \u00e9v\u00e8nement, une&nbsp;<span style=\"font-size: 10.5pt; font-family: Montserrat; letter-spacing: 0.4pt;\">f\u00eate&nbsp;<\/span>d&rsquo;anniversaire ?&nbsp;<\/p>\n<p><span style=\"font-weight: bold;\">Vous \u00eates au bon endroit !<\/span><\/p>\n<p><\/p>\n<p style=\"background: white;\"><span style=\"font-size: 10.5pt; font-family: Montserrat; color: #333333; letter-spacing: .4pt;\">Si votre commande atteint 40 pizzas, remplissez ce formulaire et on s&rsquo;occupe de tout !&nbsp;<\/span><\/p>\n<p style=\"background: white;\"><span style=\"font-size: 10.5pt; font-family: Montserrat; color: #333333; letter-spacing: .4pt;\">Et en plus on vous un r\u00e9serve un avantage :<\/span><\/p>\n<ul type=\"disc\">\n<li style=\"background-color: white;\"><span style=\"font-size: 10.5pt; font-family: Montserrat; letter-spacing: 0.4pt;\">5% de remise pour toute commande de 50 \u00e0 99 pizzas<\/span><\/li>\n<\/ul>\n<div><font face=\"Montserrat\"><span style=\"letter-spacing: 0.533333px;\"><br><\/span><\/font><\/div>\n<ul type=\"disc\">\n<li style=\"background-color: white;\"><span style=\"font-size: 10.5pt; font-family: Montserrat; letter-spacing: .4pt;\">7,5% de remise pour toute commande de 100 \u00e0 149 pizzas<\/span><\/li>\n<\/ul>\n<div><font face=\"Montserrat\"><span style=\"letter-spacing: 0.533333px;\"><br><\/span><\/font><\/div>\n<ul type=\"disc\">\n<li style=\"background-color: white;\"><span style=\"font-size: 10.5pt; font-family: Montserrat; letter-spacing: .4pt;\">10% de remise au-del\u00e0 de 149 pizzas<\/span><\/li>\n<\/ul>\n<div><font face=\"Montserrat\"><span style=\"letter-spacing: 0.533333px;\"><br><\/span><\/font><\/div>\n<p style=\"background-image: initial; background-position: initial; background-size: initial; background-repeat: initial; background-attachment: initial; background-origin: initial; background-clip: initial;\"><span style=\"font-size: 10.5pt; font-family: Montserrat; letter-spacing: 0.4pt;\">Et d\u00e8s 50 pizzas, nous pouvons m\u00eame vous livrer.<\/span><\/p>\n<p style=\"background-image: initial; background-position: initial; background-size: initial; background-repeat: initial; background-attachment: initial; background-origin: initial; background-clip: initial;\">\n<\/p><p style=\"background-image: initial; background-position: initial; background-size: initial; background-repeat: initial; background-attachment: initial; background-origin: initial; background-clip: initial;\"><span style=\"font-size: 10.5pt; font-family: Montserrat; letter-spacing: 0.4pt;\">A tr\u00e8s vite !<\/span><\/p>\t\t\t\t\t\t\t\t<\/div>\n\t\t\t\t<\/div>\n\t\t\t\t\t<\/div>\n\t\t<\/div>\n\t\t\t\t<div class=\"elementor-column elementor-col-66 elementor-top-column elementor-element elementor-element-5a61fead\" data-id=\"5a61fead\" data-element_type=\"column\" data-settings=\"{&quot;background_background&quot;:&quot;classic&quot;}\">\n\t\t\t<div class=\"elementor-widget-wrap elementor-element-populated\">\n\t\t\t\t\t\t<div class=\"elementor-element elementor-element-2680f1a1 elementor-button-align-start elementor-widget elementor-widget-form\" data-id=\"2680f1a1\" data-element_type=\"widget\" data-settings=\"{&quot;step_next_label&quot;:&quot;Suivant&quot;,&quot;step_previous_label&quot;:&quot;Pr\\u00e9c\\u00e9dent&quot;,&quot;step_type&quot;:&quot;number_text&quot;,&quot;step_icon_shape&quot;:&quot;circle&quot;}\" data-widget_type=\"form.default\">\n\t\t\t\t<div class=\"elementor-widget-container\">\n\t\t\t\t\t\t\t<form class=\"elementor-form\" method=\"post\" name=\"Formulaire - Big Order\">\n\t\t\t<input type=\"hidden\" name=\"post_id\" value=\"4039\"\/>\n\t\t\t<input type=\"hidden\" name=\"form_id\" value=\"2680f1a1\"\/>\n\t\t\t<input type=\"hidden\" name=\"referer_title\" value=\"\" \/>\n\n\t\t\t\n\t\t\t<div class=\"elementor-form-fields-wrapper elementor-labels-above\">\n\t\t\t\t\t\t\t\t<div class=\"elementor-field-type-text elementor-field-group elementor-column elementor-field-group-field_299d4e3 elementor-col-50 elementor-field-required elementor-mark-required\">\n\t\t\t\t\t\t\t\t\t\t\t\t<label for=\"form-field-field_299d4e3\" class=\"elementor-field-label\">\n\t\t\t\t\t\t\t\tNom\t\t\t\t\t\t\t<\/label>\n\t\t\t\t\t\t\t\t\t\t\t\t\t\t<input size=\"1\" type=\"text\" name=\"form_fields[field_299d4e3]\" id=\"form-field-field_299d4e3\" class=\"elementor-field elementor-size-md  elementor-field-textual\" placeholder=\"Nom\" required=\"required\">\n\t\t\t\t\t\t\t\t\t\t\t<\/div>\n\t\t\t\t\t\t\t\t<div class=\"elementor-field-type-text elementor-field-group elementor-column elementor-field-group-field_1db76ca elementor-col-50 elementor-field-required elementor-mark-required\">\n\t\t\t\t\t\t\t\t\t\t\t\t<label for=\"form-field-field_1db76ca\" class=\"elementor-field-label\">\n\t\t\t\t\t\t\t\tPr\u00e9nom\t\t\t\t\t\t\t<\/label>\n\t\t\t\t\t\t\t\t\t\t\t\t\t\t<input size=\"1\" type=\"text\" name=\"form_fields[field_1db76ca]\" id=\"form-field-field_1db76ca\" class=\"elementor-field elementor-size-md  elementor-field-textual\" placeholder=\"Pr\u00e9nom\" required=\"required\">\n\t\t\t\t\t\t\t\t\t\t\t<\/div>\n\t\t\t\t\t\t\t\t<div class=\"elementor-field-type-text elementor-field-group elementor-column elementor-field-group-field_9f154a2 elementor-col-100\">\n\t\t\t\t\t\t\t\t\t\t\t\t<label for=\"form-field-field_9f154a2\" class=\"elementor-field-label\">\n\t\t\t\t\t\t\t\tEntreprise\t\t\t\t\t\t\t<\/label>\n\t\t\t\t\t\t\t\t\t\t\t\t\t\t<input size=\"1\" type=\"text\" name=\"form_fields[field_9f154a2]\" id=\"form-field-field_9f154a2\" class=\"elementor-field elementor-size-md  elementor-field-textual\" placeholder=\"Nom de l&#039;entreprise\">\n\t\t\t\t\t\t\t\t\t\t\t<\/div>\n\t\t\t\t\t\t\t\t<div class=\"elementor-field-type-email elementor-field-group elementor-column elementor-field-group-email elementor-col-50 elementor-field-required elementor-mark-required\">\n\t\t\t\t\t\t\t\t\t\t\t\t<label for=\"form-field-email\" class=\"elementor-field-label\">\n\t\t\t\t\t\t\t\tE-mail\t\t\t\t\t\t\t<\/label>\n\t\t\t\t\t\t\t\t\t\t\t\t\t\t<input size=\"1\" type=\"email\" name=\"form_fields[email]\" id=\"form-field-email\" class=\"elementor-field elementor-size-md  elementor-field-textual\" placeholder=\"E-mail\" required=\"required\">\n\t\t\t\t\t\t\t\t\t\t\t<\/div>\n\t\t\t\t\t\t\t\t<div class=\"elementor-field-type-tel elementor-field-group elementor-column elementor-field-group-field_fbd1328 elementor-col-50 elementor-field-required elementor-mark-required\">\n\t\t\t\t\t\t\t\t\t\t\t\t<label for=\"form-field-field_fbd1328\" class=\"elementor-field-label\">\n\t\t\t\t\t\t\t\tT\u00e9l\u00e9phone\t\t\t\t\t\t\t<\/label>\n\t\t\t\t\t\t\t\t<input size=\"1\" type=\"tel\" name=\"form_fields[field_fbd1328]\" id=\"form-field-field_fbd1328\" class=\"elementor-field elementor-size-md  elementor-field-textual\" placeholder=\"T\u00e9l\u00e9phone\" required=\"required\" pattern=\"[0-9()#&amp;+*-=.]+\" title=\"Seuls les caract\u00e8res de num\u00e9ros de t\u00e9l\u00e9phone (#, -, *, etc.) sont accept\u00e9s.\">\n\n\t\t\t\t\t\t<\/div>\n\t\t\t\t\t\t\t\t<div class=\"elementor-field-type-number elementor-field-group elementor-column elementor-field-group-field_24528c0 elementor-col-50 elementor-field-required elementor-mark-required\">\n\t\t\t\t\t\t\t\t\t\t\t\t<label for=\"form-field-field_24528c0\" class=\"elementor-field-label\">\n\t\t\t\t\t\t\t\tQuantit\u00e9 de pizza souhait\u00e9e\t\t\t\t\t\t\t<\/label>\n\t\t\t\t\t\t\t\t\t<input type=\"number\" name=\"form_fields[field_24528c0]\" id=\"form-field-field_24528c0\" class=\"elementor-field elementor-size-md  elementor-field-textual\" placeholder=\"Quantit\u00e9 souhait\u00e9e\" required=\"required\" min=\"50\" max=\"1000\" >\n\t\t\t\t\t\t<\/div>\n\t\t\t\t\t\t\t\t<div class=\"elementor-field-type-select elementor-field-group elementor-column elementor-field-group-field_9418441 elementor-col-50 elementor-field-required elementor-mark-required\">\n\t\t\t\t\t\t\t\t\t\t\t\t<label for=\"form-field-field_9418441\" class=\"elementor-field-label\">\n\t\t\t\t\t\t\t\tTaille des pizzas\t\t\t\t\t\t\t<\/label>\n\t\t\t\t\t\t\t\t<div class=\"elementor-field elementor-select-wrapper remove-before \">\n\t\t\t<div class=\"select-caret-down-wrapper\">\n\t\t\t\t<i aria-hidden=\"true\" class=\"eicon-caret-down\"><\/i>\t\t\t<\/div>\n\t\t\t<select name=\"form_fields[field_9418441]\" id=\"form-field-field_9418441\" class=\"elementor-field-textual elementor-size-md\" required=\"required\">\n\t\t\t\t\t\t\t\t\t<option value=\"- S\u00e9lectionner une taille -\">- S\u00e9lectionner une taille -<\/option>\n\t\t\t\t\t\t\t\t\t<option value=\"M\">M<\/option>\n\t\t\t\t\t\t\t\t\t<option value=\"L\">L<\/option>\n\t\t\t\t\t\t\t<\/select>\n\t\t<\/div>\n\t\t\t\t\t\t<\/div>\n\t\t\t\t\t\t\t\t<div class=\"elementor-field-type-text elementor-field-group elementor-column elementor-field-group-nature_probleme elementor-col-100 elementor-field-required elementor-mark-required\">\n\t\t\t\t\t\t\t\t\t\t\t\t<label for=\"form-field-nature_probleme\" class=\"elementor-field-label\">\n\t\t\t\t\t\t\t\tAdresse de livraison\t\t\t\t\t\t\t<\/label>\n\t\t\t\t\t\t\t\t\t\t\t\t\t\t<input size=\"1\" type=\"text\" name=\"form_fields[nature_probleme]\" id=\"form-field-nature_probleme\" class=\"elementor-field elementor-size-md  elementor-field-textual\" required=\"required\">\n\t\t\t\t\t\t\t\t\t\t\t<\/div>\n\t\t\t\t\t\t\t\t<div class=\"elementor-field-type-text elementor-field-group elementor-column elementor-field-group-field_0652eae elementor-col-50 elementor-field-required elementor-mark-required\">\n\t\t\t\t\t\t\t\t\t\t\t\t<label for=\"form-field-field_0652eae\" class=\"elementor-field-label\">\n\t\t\t\t\t\t\t\tVille\t\t\t\t\t\t\t<\/label>\n\t\t\t\t\t\t\t\t\t\t\t\t\t\t<input size=\"1\" type=\"text\" name=\"form_fields[field_0652eae]\" id=\"form-field-field_0652eae\" class=\"elementor-field elementor-size-md  elementor-field-textual\" required=\"required\">\n\t\t\t\t\t\t\t\t\t\t\t<\/div>\n\t\t\t\t\t\t\t\t<div class=\"elementor-field-type-number elementor-field-group elementor-column elementor-field-group-field_465e695 elementor-col-50 elementor-field-required elementor-mark-required\">\n\t\t\t\t\t\t\t\t\t\t\t\t<label for=\"form-field-field_465e695\" class=\"elementor-field-label\">\n\t\t\t\t\t\t\t\tCode Postal\t\t\t\t\t\t\t<\/label>\n\t\t\t\t\t\t\t\t\t<input type=\"number\" name=\"form_fields[field_465e695]\" id=\"form-field-field_465e695\" class=\"elementor-field elementor-size-md  elementor-field-textual\" required=\"required\" min=\"5\" max=\"\" >\n\t\t\t\t\t\t<\/div>\n\t\t\t\t\t\t\t\t<div class=\"elementor-field-type-date elementor-field-group elementor-column elementor-field-group-field_e882ceb elementor-col-50 elementor-field-required elementor-mark-required\">\n\t\t\t\t\t\t\t\t\t\t\t\t<label for=\"form-field-field_e882ceb\" class=\"elementor-field-label\">\n\t\t\t\t\t\t\t\tDate de livraison\t\t\t\t\t\t\t<\/label>\n\t\t\t\t\t\t\n\t\t<input type=\"date\" name=\"form_fields[field_e882ceb]\" id=\"form-field-field_e882ceb\" class=\"elementor-field elementor-size-md  elementor-field-textual elementor-date-field elementor-use-native\" placeholder=\"- S\u00e9lectionnez une date -\" required=\"required\" pattern=\"[0-9]{4}-[0-9]{2}-[0-9]{2}\">\n\t\t\t\t\t\t<\/div>\n\t\t\t\t\t\t\t\t<div class=\"elementor-field-type-time elementor-field-group elementor-column elementor-field-group-field_8d52e9e elementor-col-50 elementor-field-required elementor-mark-required\">\n\t\t\t\t\t\t\t\t\t\t\t\t<label for=\"form-field-field_8d52e9e\" class=\"elementor-field-label\">\n\t\t\t\t\t\t\t\tHeure de livraison\t\t\t\t\t\t\t<\/label>\n\t\t\t\t\t\t\t\t<input type=\"time\" name=\"form_fields[field_8d52e9e]\" id=\"form-field-field_8d52e9e\" class=\"elementor-field elementor-size-md  elementor-field-textual elementor-time-field elementor-use-native\" required=\"required\">\n\t\t\t\t\t\t<\/div>\n\t\t\t\t\t\t\t\t<div class=\"elementor-field-type-textarea elementor-field-group elementor-column elementor-field-group-message elementor-col-100\">\n\t\t\t\t\t\t\t\t\t\t\t\t<label for=\"form-field-message\" class=\"elementor-field-label\">\n\t\t\t\t\t\t\t\tMessage\t\t\t\t\t\t\t<\/label>\n\t\t\t\t\t\t<textarea class=\"elementor-field-textual elementor-field  elementor-size-md\" name=\"form_fields[message]\" id=\"form-field-message\" rows=\"5\" placeholder=\"Votre message et d\u00e9tails de la commande\"><\/textarea>\t\t\t\t<\/div>\n\t\t\t\t\t\t\t\t<div class=\"elementor-field-type-acceptance elementor-field-group elementor-column elementor-field-group-field_d770c25 elementor-col-100 elementor-field-required elementor-mark-required\">\n\t\t\t\t\t\t\t<div class=\"elementor-field-subgroup\">\n\t\t\t<span class=\"elementor-field-option\">\n\t\t\t\t<input type=\"checkbox\" name=\"form_fields[field_d770c25]\" id=\"form-field-field_d770c25\" class=\"elementor-field elementor-size-md  elementor-acceptance-field\" required=\"required\">\n\t\t\t\t<label for=\"form-field-field_d770c25\">J'accepte la politique de donn\u00e9es pour le traitement de ma demande.<\/label>\t\t\t<\/span>\n\t\t<\/div>\n\t\t\t\t\t\t<\/div>\n\t\t\t\t\t\t\t\t<div class=\"elementor-field-type-text\">\n\t\t\t\t\t<input size=\"1\" type=\"text\" name=\"form_fields[field_fdc46e9]\" id=\"form-field-field_fdc46e9\" class=\"elementor-field elementor-size-md \" style=\"display:none !important;\">\t\t\t\t<\/div>\n\t\t\t\t\t\t\t\t<div class=\"elementor-field-type-recaptcha_v3 elementor-field-group elementor-column elementor-field-group-field_846f37c elementor-col-100 recaptcha_v3-inline\">\n\t\t\t\t\t<div class=\"elementor-field\" id=\"form-field-field_846f37c\"><div class=\"elementor-g-recaptcha\" data-sitekey=\"6LfrtZkhAAAAAEXKCT1nagD8B1Coln9aokOAScNm\" data-type=\"v3\" data-action=\"Form\" data-badge=\"inline\" data-size=\"invisible\"><\/div><\/div>\t\t\t\t<\/div>\n\t\t\t\t\t\t\t\t<div class=\"elementor-field-group elementor-column elementor-field-type-submit elementor-col-100 e-form__buttons\">\n\t\t\t\t\t<button class=\"elementor-button elementor-size-sm elementor-animation-shrink\" type=\"submit\">\n\t\t\t\t\t\t<span class=\"elementor-button-content-wrapper\">\n\t\t\t\t\t\t\t\t\t\t\t\t\t\t\t<span class=\"elementor-button-icon\">\n\t\t\t\t\t\t\t\t\t<svg xmlns=\"http:\/\/www.w3.org\/2000\/svg\" width=\"14\" height=\"16\" viewBox=\"0 0 14 16\" fill=\"none\"><path d=\"M1.81128 0H2.02921C2.52451 0.0832095 3.02508 0.136041 3.51774 0.2351C3.68019 0.254912 3.79642 0.11755 3.94963 0.109625C4.17813 0.0449067 4.41059 0.0515107 4.64437 0.0541522C5.59269 0.0224534 6.54234 0.120192 7.48802 0H7.59764C7.77859 0.104342 7.9952 0.103021 8.17615 0.092455C9.18391 0.0330196 9.69505 0.649827 10.0807 1.44362C10.8111 2.94931 11.6419 4.3969 12.5664 5.79165C12.8491 6.21694 13.0789 6.68978 13.2017 7.17319C13.388 7.90755 13.3721 8.64851 12.7976 9.26663C12.4793 9.60872 12.3102 10.0234 12.2864 10.5016C12.2561 11.1408 11.7211 11.5001 11.4187 11.9848C10.9472 12.7403 10.4875 13.4998 10.123 14.312C9.84826 14.9236 9.41901 15.3039 8.78635 15.58C7.77595 16.0211 6.7497 16.0409 5.69571 15.9657C5.34967 15.9406 5.04853 15.7187 4.69192 15.7411C4.47531 15.6777 4.33266 15.86 4.14775 15.9062C3.42132 16.0198 2.69621 15.9577 1.9711 15.9023C1.77958 15.8481 1.62373 15.6698 1.39655 15.7411C0.947488 15.687 0.475967 15.7451 0.0691652 15.4796C-0.0761213 15.1917 0.0519949 14.9011 0.0665236 14.6119C0.0876562 14.4217 0.240867 14.2658 0.207848 14.0611C0.185394 13.6543 0.386154 13.3148 0.580309 12.9939C1.35165 11.722 1.98959 10.3695 2.89565 9.17946C3.20207 8.77662 3.14924 8.31303 3.05546 7.86792C2.76489 6.4943 2.07544 5.29635 1.33712 4.1301C0.651632 3.04309 0.0836938 1.92439 0.0189753 0.608882C0.0916185 0.272082 0.341247 0.176985 0.642386 0.103021C1.0307 0.00792471 1.4309 0.132079 1.81128 0Z\" fill=\"#333333\"><\/path><\/svg>\t\t\t\t\t\t\t\t\t\t\t\t\t\t\t\t\t<\/span>\n\t\t\t\t\t\t\t\t\t\t\t\t\t\t\t\t\t\t\t\t\t\t<span class=\"elementor-button-text\">Envoyer<\/span>\n\t\t\t\t\t\t\t\t\t\t\t\t\t<\/span>\n\t\t\t\t\t<\/button>\n\t\t\t\t<\/div>\n\t\t\t<\/div>\n\t\t<\/form>\n\t\t\t\t\t\t<\/div>\n\t\t\t\t<\/div>\n\t\t\t\t\t<\/div>\n\t\t<\/div>\n\t\t\t\t\t<\/div>\n\t\t<\/section>\n\t\t\t\t<\/div>\n\t\t","protected":false},"excerpt":{"rendered":"<p>Big order Commande grande quantit\u00e9 Vous \u00eates une entreprise, une association, une collectivit\u00e9, vous souhaitez organiser un \u00e9v\u00e8nement, une&nbsp;f\u00eate&nbsp;d&rsquo;anniversaire ?&nbsp; Vous \u00eates au bon endroit ! Si votre commande atteint 40 pizzas, remplissez ce formulaire et on s&rsquo;occupe de tout !&nbsp; Et en plus on vous un r\u00e9serve un avantage : 5% de remise pour [&hellip;]<\/p>\n","protected":false},"author":1,"featured_media":418,"parent":0,"menu_order":0,"comment_status":"closed","ping_status":"closed","template":"elementor_header_footer","meta":{"footnotes":""},"class_list":["post-4039","page","type-page","status-publish","has-post-thumbnail","hentry"],"aioseo_notices":[],"_links":{"self":[{"href":"https:\/\/fivepizzaoriginal.com\/fr_fr\/wp-json\/wp\/v2\/pages\/4039","targetHints":{"allow":["GET"]}}],"collection":[{"href":"https:\/\/fivepizzaoriginal.com\/fr_fr\/wp-json\/wp\/v2\/pages"}],"about":[{"href":"https:\/\/fivepizzaoriginal.com\/fr_fr\/wp-json\/wp\/v2\/types\/page"}],"author":[{"embeddable":true,"href":"https:\/\/fivepizzaoriginal.com\/fr_fr\/wp-json\/wp\/v2\/users\/1"}],"replies":[{"embeddable":true,"href":"https:\/\/fivepizzaoriginal.com\/fr_fr\/wp-json\/wp\/v2\/comments?post=4039"}],"version-history":[{"count":6,"href":"https:\/\/fivepizzaoriginal.com\/fr_fr\/wp-json\/wp\/v2\/pages\/4039\/revisions"}],"predecessor-version":[{"id":6216,"href":"https:\/\/fivepizzaoriginal.com\/fr_fr\/wp-json\/wp\/v2\/pages\/4039\/revisions\/6216"}],"wp:featuredmedia":[{"embeddable":true,"href":"https:\/\/fivepizzaoriginal.com\/fr_fr\/wp-json\/wp\/v2\/media\/418"}],"wp:attachment":[{"href":"https:\/\/fivepizzaoriginal.com\/fr_fr\/wp-json\/wp\/v2\/media?parent=4039"}],"curies":[{"name":"wp","href":"https:\/\/api.w.org\/{rel}","templated":true}]}}