{"id":5335,"date":"2023-10-18T10:56:59","date_gmt":"2023-10-18T08:56:59","guid":{"rendered":"https:\/\/fivepizzaoriginal.com\/?page_id=5335"},"modified":"2025-02-21T00:39:05","modified_gmt":"2025-02-20T23:39:05","slug":"offres-du-moment","status":"publish","type":"page","link":"https:\/\/fivepizzaoriginal.com\/en\/concept\/","title":{"rendered":"Offres du moment"},"content":{"rendered":"<div data-elementor-type=\"wp-page\" data-elementor-id=\"5335\" class=\"elementor elementor-5335\" data-elementor-post-type=\"page\">\n\t\t\t\t\t\t<section class=\"elementor-section elementor-top-section elementor-element elementor-element-906bef1 elementor-section-boxed elementor-section-height-default elementor-section-height-default\" data-id=\"906bef1\" data-element_type=\"section\" data-settings=\"{&quot;background_background&quot;:&quot;classic&quot;}\">\n\t\t\t\t\t\t<div class=\"elementor-container elementor-column-gap-default\">\n\t\t\t\t\t<div class=\"elementor-column elementor-col-100 elementor-top-column elementor-element elementor-element-74701dbe\" data-id=\"74701dbe\" data-element_type=\"column\">\n\t\t\t<div class=\"elementor-widget-wrap elementor-element-populated\">\n\t\t\t\t\t\t<div class=\"elementor-element elementor-element-70636305 elementor-widget elementor-widget-theme-post-title elementor-page-title elementor-widget-heading\" data-id=\"70636305\" data-element_type=\"widget\" data-widget_type=\"theme-post-title.default\">\n\t\t\t\t<div class=\"elementor-widget-container\">\n\t\t\t\t\t<h1 class=\"elementor-heading-title elementor-size-default\">Offres du moment<\/h1>\t\t\t\t<\/div>\n\t\t\t\t<\/div>\n\t\t\t\t\t<\/div>\n\t\t<\/div>\n\t\t\t\t\t<\/div>\n\t\t<\/section>\n\t\t\t\t<section class=\"elementor-section elementor-top-section elementor-element elementor-element-5a103fc elementor-section-boxed elementor-section-height-default elementor-section-height-default\" data-id=\"5a103fc\" data-element_type=\"section\">\n\t\t\t\t\t\t<div class=\"elementor-container elementor-column-gap-default\">\n\t\t\t\t\t<div class=\"elementor-column elementor-col-100 elementor-top-column elementor-element elementor-element-c5fa3cb\" data-id=\"c5fa3cb\" data-element_type=\"column\">\n\t\t\t<div class=\"elementor-widget-wrap elementor-element-populated\">\n\t\t\t\t\t\t<div class=\"elementor-element elementor-element-cc29eaa elementor-widget elementor-widget-image\" data-id=\"cc29eaa\" data-element_type=\"widget\" data-widget_type=\"image.default\">\n\t\t\t\t<div class=\"elementor-widget-container\">\n\t\t\t\t\t\t\t\t\t\t\t\t\t\t\t<img fetchpriority=\"high\" decoding=\"async\" width=\"1365\" height=\"750\" src=\"https:\/\/fivepizzaoriginal.com\/wp-content\/uploads\/2024\/11\/banniere-blackfivedays.webp\" class=\"attachment-full size-full wp-image-5595\" alt=\"\" srcset=\"https:\/\/fivepizzaoriginal.com\/wp-content\/uploads\/2024\/11\/banniere-blackfivedays.webp 1365w, https:\/\/fivepizzaoriginal.com\/wp-content\/uploads\/2024\/11\/banniere-blackfivedays-300x165.webp 300w, https:\/\/fivepizzaoriginal.com\/wp-content\/uploads\/2024\/11\/banniere-blackfivedays-1024x563.webp 1024w, https:\/\/fivepizzaoriginal.com\/wp-content\/uploads\/2024\/11\/banniere-blackfivedays-768x422.webp 768w, https:\/\/fivepizzaoriginal.com\/wp-content\/uploads\/2024\/11\/banniere-blackfivedays-18x10.webp 18w\" sizes=\"(max-width: 1365px) 100vw, 1365px\" \/>\t\t\t\t\t\t\t\t\t\t\t\t\t\t\t<\/div>\n\t\t\t\t<\/div>\n\t\t\t\t<div class=\"elementor-element elementor-element-0f84d00 elementor-widget elementor-widget-heading\" data-id=\"0f84d00\" data-element_type=\"widget\" data-widget_type=\"heading.default\">\n\t\t\t\t<div class=\"elementor-widget-container\">\n\t\t\t\t\t<h2 class=\"elementor-heading-title elementor-size-default\">Black five days<\/h2>\t\t\t\t<\/div>\n\t\t\t\t<\/div>\n\t\t\t\t<div class=\"elementor-element elementor-element-df2c3a3 elementor-widget elementor-widget-text-editor\" data-id=\"df2c3a3\" data-element_type=\"widget\" data-widget_type=\"text-editor.default\">\n\t\t\t\t<div class=\"elementor-widget-container\">\n\t\t\t\t\t\t\t\t\t<p><strong>Offre valable du lundi 25 au vendredi 29 novembre 2024<\/strong><\/p>\n<p><strong>Restaurants participants :<\/strong>&nbsp;Kremlin-Bic\u00e8tre ; Choisy-le-Roi ; Boulogne-Billancourt ; Reims ; Courbevoie ; Paris 15 Vaugirard ; Ch\u00e2tillon ; Clichy ; Antony ; Paris 5 Jussieu ; Poissy ; Issy-les-Moulineaux ; Lyon 8 ; Nancy ; Paris 14 Plaisance ; Neuilly-sur-Seine ; Paris 20 Avron ; Paris 6 Saint-Michel ; Torcy ; Paris 2 R\u00e9aumur ; Drancy ; Paris 10 R\u00e9publique ; Villeneuve-la-Garenne Qwartz ; Marseille ; Nanterre ; Versailles ; Colombes ; Champigny-sur-Marne ; Asni\u00e8res-sur-Seine ; Lyon 7 ; Villiers-sur-Marne ; Paris 11 Oberkampf ; Paris 18 Saint-Ouen ; Paris 12 Saint-Antoine ; Saint-Etienne ; Mulhouse ; Saint-Maur-des-Fauss\u00e9s ; Saint-Denis ; Sarcelles ; Pavillons sous Bois<\/p>\t\t\t\t\t\t\t\t<\/div>\n\t\t\t\t<\/div>\n\t\t\t\t\t<\/div>\n\t\t<\/div>\n\t\t\t\t\t<\/div>\n\t\t<\/section>\n\t\t\t\t<section class=\"elementor-section elementor-top-section elementor-element elementor-element-cf23226 elementor-section-boxed elementor-section-height-default elementor-section-height-default\" data-id=\"cf23226\" data-element_type=\"section\">\n\t\t\t\t\t\t<div class=\"elementor-container elementor-column-gap-default\">\n\t\t\t\t\t<div class=\"elementor-column elementor-col-100 elementor-top-column elementor-element elementor-element-d11163c\" data-id=\"d11163c\" data-element_type=\"column\">\n\t\t\t<div class=\"elementor-widget-wrap elementor-element-populated\">\n\t\t\t\t\t\t<div class=\"elementor-element elementor-element-358eb55 elementor-widget elementor-widget-image\" data-id=\"358eb55\" data-element_type=\"widget\" data-widget_type=\"image.default\">\n\t\t\t\t<div class=\"elementor-widget-container\">\n\t\t\t\t\t\t\t\t\t\t\t\t\t\t\t<img decoding=\"async\" width=\"2560\" height=\"1371\" src=\"https:\/\/fivepizzaoriginal.com\/wp-content\/uploads\/2023\/05\/banniere-five-day-mentions-legales-scaled.jpg\" class=\"attachment-full size-full wp-image-5316\" alt=\"\" srcset=\"https:\/\/fivepizzaoriginal.com\/wp-content\/uploads\/2023\/05\/banniere-five-day-mentions-legales-scaled.jpg 2560w, https:\/\/fivepizzaoriginal.com\/wp-content\/uploads\/2023\/05\/banniere-five-day-mentions-legales-300x161.jpg 300w, https:\/\/fivepizzaoriginal.com\/wp-content\/uploads\/2023\/05\/banniere-five-day-mentions-legales-1024x549.jpg 1024w, https:\/\/fivepizzaoriginal.com\/wp-content\/uploads\/2023\/05\/banniere-five-day-mentions-legales-768x411.jpg 768w, https:\/\/fivepizzaoriginal.com\/wp-content\/uploads\/2023\/05\/banniere-five-day-mentions-legales-1536x823.jpg 1536w, https:\/\/fivepizzaoriginal.com\/wp-content\/uploads\/2023\/05\/banniere-five-day-mentions-legales-2048x1097.jpg 2048w, https:\/\/fivepizzaoriginal.com\/wp-content\/uploads\/2023\/05\/banniere-five-day-mentions-legales-18x10.jpg 18w\" sizes=\"(max-width: 2560px) 100vw, 2560px\" \/>\t\t\t\t\t\t\t\t\t\t\t\t\t\t\t<\/div>\n\t\t\t\t<\/div>\n\t\t\t\t<div class=\"elementor-element elementor-element-fafc7f8 elementor-widget elementor-widget-heading\" data-id=\"fafc7f8\" data-element_type=\"widget\" data-widget_type=\"heading.default\">\n\t\t\t\t<div class=\"elementor-widget-container\">\n\t\t\t\t\t<h2 class=\"elementor-heading-title elementor-size-default\">Fiveday<\/h2>\t\t\t\t<\/div>\n\t\t\t\t<\/div>\n\t\t\t\t<div class=\"elementor-element elementor-element-7d7479c elementor-widget elementor-widget-text-editor\" data-id=\"7d7479c\" data-element_type=\"widget\" data-widget_type=\"text-editor.default\">\n\t\t\t\t<div class=\"elementor-widget-container\">\n\t\t\t\t\t\t\t\t\t<p><strong>Restaurants participants :<\/strong> Colombes (lundis et mardis), Nantes et Bordeaux (mardis uniquement), Poissy (Lundis uniquement de 11h \u00e0 14h),\u00a0<\/p>\t\t\t\t\t\t\t\t<\/div>\n\t\t\t\t<\/div>\n\t\t\t\t\t<\/div>\n\t\t<\/div>\n\t\t\t\t\t<\/div>\n\t\t<\/section>\n\t\t\t\t<\/div>","protected":false},"excerpt":{"rendered":"<p>\/*! elementor &#8211; v3.23.0 &#8211; 23-07-2024 *\/ .elementor-widget-image{text-align:center}.elementor-widget-image a{display:inline-block}.elementor-widget-image a img[src$=\u00a0\u00bb.svg\u00a0\u00bb]{width:48px}.elementor-widget-image img{vertical-align:middle;display:inline-block} \/*! elementor &#8211; v3.23.0 &#8211; 23-07-2024 *\/ .elementor-heading-title{padding:0;margin:0;line-height:1}.elementor-widget-heading .elementor-heading-title[class*=elementor-size-]&gt;a{color:inherit;font-size:inherit;line-height:inherit}.elementor-widget-heading .elementor-heading-title.elementor-size-small{font-size:15px}.elementor-widget-heading .elementor-heading-title.elementor-size-medium{font-size:19px}.elementor-widget-heading .elementor-heading-title.elementor-size-large{font-size:29px}.elementor-widget-heading .elementor-heading-title.elementor-size-xl{font-size:39px}.elementor-widget-heading .elementor-heading-title.elementor-size-xxl{font-size:59px} Black five days Offre valable du lundi 25 au vendredi 29 novembre 2024 Restaurants participants :&nbsp;Kremlin-Bic\u00e8tre ; Choisy-le-Roi ; Boulogne-Billancourt ; Reims ; Courbevoie ; Paris 15 Vaugirard ; [&hellip;]<\/p>","protected":false},"author":1,"featured_media":208,"parent":0,"menu_order":0,"comment_status":"closed","ping_status":"closed","template":"elementor_header_footer","meta":{"footnotes":""},"class_list":["post-5335","page","type-page","status-publish","has-post-thumbnail","hentry"],"aioseo_notices":[],"_links":{"self":[{"href":"https:\/\/fivepizzaoriginal.com\/en\/wp-json\/wp\/v2\/pages\/5335","targetHints":{"allow":["GET"]}}],"collection":[{"href":"https:\/\/fivepizzaoriginal.com\/en\/wp-json\/wp\/v2\/pages"}],"about":[{"href":"https:\/\/fivepizzaoriginal.com\/en\/wp-json\/wp\/v2\/types\/page"}],"author":[{"embeddable":true,"href":"https:\/\/fivepizzaoriginal.com\/en\/wp-json\/wp\/v2\/users\/1"}],"replies":[{"embeddable":true,"href":"https:\/\/fivepizzaoriginal.com\/en\/wp-json\/wp\/v2\/comments?post=5335"}],"version-history":[{"count":4,"href":"https:\/\/fivepizzaoriginal.com\/en\/wp-json\/wp\/v2\/pages\/5335\/revisions"}],"predecessor-version":[{"id":6064,"href":"https:\/\/fivepizzaoriginal.com\/en\/wp-json\/wp\/v2\/pages\/5335\/revisions\/6064"}],"wp:featuredmedia":[{"embeddable":true,"href":"https:\/\/fivepizzaoriginal.com\/en\/wp-json\/wp\/v2\/media\/208"}],"wp:attachment":[{"href":"https:\/\/fivepizzaoriginal.com\/en\/wp-json\/wp\/v2\/media?parent=5335"}],"curies":[{"name":"wp","href":"https:\/\/api.w.org\/{rel}","templated":true}]}}