{"id":349,"date":"2022-07-14T21:18:12","date_gmt":"2022-07-14T19:18:12","guid":{"rendered":"https:\/\/fivepizzaoriginal.com\/?page_id=349"},"modified":"2023-03-03T16:01:12","modified_gmt":"2023-03-03T15:01:12","slug":"mentions-legales","status":"publish","type":"page","link":"https:\/\/fivepizzaoriginal.com\/en\/endorsements\/","title":{"rendered":"Legal Notice"},"content":{"rendered":"<div data-elementor-type=\"wp-page\" data-elementor-id=\"349\" class=\"elementor elementor-349\" data-elementor-post-type=\"page\">\n\t\t\t\t\t\t<section class=\"elementor-section elementor-top-section elementor-element elementor-element-6a78719 elementor-section-boxed elementor-section-height-default elementor-section-height-default\" data-id=\"6a78719\" data-element_type=\"section\" data-settings=\"{&quot;background_background&quot;:&quot;classic&quot;}\">\n\t\t\t\t\t\t<div class=\"elementor-container elementor-column-gap-default\">\n\t\t\t\t\t<div class=\"elementor-column elementor-col-100 elementor-top-column elementor-element elementor-element-78a3377e\" data-id=\"78a3377e\" data-element_type=\"column\">\n\t\t\t<div class=\"elementor-widget-wrap elementor-element-populated\">\n\t\t\t\t\t\t<div class=\"elementor-element elementor-element-46c0ab63 elementor-widget elementor-widget-theme-post-title elementor-page-title elementor-widget-heading\" data-id=\"46c0ab63\" data-element_type=\"widget\" data-widget_type=\"theme-post-title.default\">\n\t\t\t\t<div class=\"elementor-widget-container\">\n\t\t\t\t\t<h1 class=\"elementor-heading-title elementor-size-default\">Legal Notice<\/h1>\t\t\t\t<\/div>\n\t\t\t\t<\/div>\n\t\t\t\t\t<\/div>\n\t\t<\/div>\n\t\t\t\t\t<\/div>\n\t\t<\/section>\n\t\t\t\t<section class=\"elementor-section elementor-top-section elementor-element elementor-element-767d4ac0 elementor-section-boxed elementor-section-height-default elementor-section-height-default\" data-id=\"767d4ac0\" data-element_type=\"section\" data-settings=\"{&quot;background_background&quot;:&quot;classic&quot;}\">\n\t\t\t\t\t\t<div class=\"elementor-container elementor-column-gap-default\">\n\t\t\t\t\t<div class=\"elementor-column elementor-col-100 elementor-top-column elementor-element elementor-element-531814a1\" data-id=\"531814a1\" data-element_type=\"column\">\n\t\t\t<div class=\"elementor-widget-wrap elementor-element-populated\">\n\t\t\t\t\t\t<div class=\"elementor-element elementor-element-be4f30e elementor-widget-divider--view-line elementor-widget elementor-widget-divider\" data-id=\"be4f30e\" data-element_type=\"widget\" data-widget_type=\"divider.default\">\n\t\t\t\t<div class=\"elementor-widget-container\">\n\t\t\t\t\t\t\t<div class=\"elementor-divider\">\n\t\t\t<span class=\"elementor-divider-separator\">\n\t\t\t\t\t\t<\/span>\n\t\t<\/div>\n\t\t\t\t\t\t<\/div>\n\t\t\t\t<\/div>\n\t\t\t\t\t<\/div>\n\t\t<\/div>\n\t\t\t\t\t<\/div>\n\t\t<\/section>\n\t\t\t\t<section class=\"elementor-section elementor-top-section elementor-element elementor-element-33a21b2 elementor-section-boxed elementor-section-height-default elementor-section-height-default\" data-id=\"33a21b2\" data-element_type=\"section\">\n\t\t\t\t\t\t<div class=\"elementor-container elementor-column-gap-default\">\n\t\t\t\t\t<div class=\"elementor-column elementor-col-100 elementor-top-column elementor-element elementor-element-5b20458\" data-id=\"5b20458\" data-element_type=\"column\">\n\t\t\t<div class=\"elementor-widget-wrap elementor-element-populated\">\n\t\t\t\t\t\t<div class=\"elementor-element elementor-element-b9de2cc elementor-widget elementor-widget-text-editor\" data-id=\"b9de2cc\" data-element_type=\"widget\" data-widget_type=\"text-editor.default\">\n\t\t\t\t<div class=\"elementor-widget-container\">\n\t\t\t\t\t\t\t\t\t<p><strong>FIVE PIZZA ORIGINAL powered by BELORDER<sup>\u00ae<\/sup><\/strong><\/p>\n<div>&nbsp;<\/div>\n<div>Si\u00e8ge social : 35 rue Bertholet 94110, Arcueil<\/div>\n<div>SIREN :&nbsp;832995021<\/div>\n<div>Director of publication: Five Pizza Original<\/div>\n<p><\/p>\n<p><b>Design and production of the site<\/b><\/p>\n<div>Credit: BELORDER<\/div>\n<div>Webmaster: BELORDER<\/div>\n<div>Hosting company: Hostinger<\/div>\t\t\t\t\t\t\t\t<\/div>\n\t\t\t\t<\/div>\n\t\t\t\t\t<\/div>\n\t\t<\/div>\n\t\t\t\t\t<\/div>\n\t\t<\/section>\n\t\t\t\t<\/div>","protected":false},"excerpt":{"rendered":"<p>FIVE PIZZA ORIGINAL propuls\u00e9 par BELORDER\u00ae &nbsp; Si\u00e8ge social : 35 rue Bertholet 94110, Arcueil SIREN :&nbsp;832995021 Directeur\/trice de la publication : Five Pizza Original Conception et r\u00e9alisation du site Cr\u00e9dit : BELORDER Webmaster : BELORDER H\u00e9bergeur : Hostinger<\/p>","protected":false},"author":1,"featured_media":341,"parent":0,"menu_order":0,"comment_status":"closed","ping_status":"closed","template":"elementor_header_footer","meta":{"footnotes":""},"class_list":["post-349","page","type-page","status-publish","has-post-thumbnail","hentry"],"aioseo_notices":[],"_links":{"self":[{"href":"https:\/\/fivepizzaoriginal.com\/en\/wp-json\/wp\/v2\/pages\/349","targetHints":{"allow":["GET"]}}],"collection":[{"href":"https:\/\/fivepizzaoriginal.com\/en\/wp-json\/wp\/v2\/pages"}],"about":[{"href":"https:\/\/fivepizzaoriginal.com\/en\/wp-json\/wp\/v2\/types\/page"}],"author":[{"embeddable":true,"href":"https:\/\/fivepizzaoriginal.com\/en\/wp-json\/wp\/v2\/users\/1"}],"replies":[{"embeddable":true,"href":"https:\/\/fivepizzaoriginal.com\/en\/wp-json\/wp\/v2\/comments?post=349"}],"version-history":[{"count":0,"href":"https:\/\/fivepizzaoriginal.com\/en\/wp-json\/wp\/v2\/pages\/349\/revisions"}],"wp:featuredmedia":[{"embeddable":true,"href":"https:\/\/fivepizzaoriginal.com\/en\/wp-json\/wp\/v2\/media\/341"}],"wp:attachment":[{"href":"https:\/\/fivepizzaoriginal.com\/en\/wp-json\/wp\/v2\/media?parent=349"}],"curies":[{"name":"wp","href":"https:\/\/api.w.org\/{rel}","templated":true}]}}